{"id":1105,"date":"2018-01-16T16:44:09","date_gmt":"2018-01-16T16:44:09","guid":{"rendered":"https:\/\/tusac.lange-development.ch\/produkt\/bremsen-anti-quietsch\/"},"modified":"2026-05-01T08:56:05","modified_gmt":"2026-05-01T08:56:05","slug":"bremsen-anti-quietsch","status":"publish","type":"product","link":"https:\/\/tusac.ch\/fr\/shop\/betriebsbedarf\/werkstattbedarf\/bremsen-anti-quietsch\/","title":{"rendered":"Bremsen Anti-Quietsch"},"content":{"rendered":"<p>Bremsen Anti-Quietsch wirkt sehr effizient gegen Vibrationen (Pfeifen) der Bremsbel\u00e4ge und sch\u00fctzt vor Korrosion und Festsitzen. Bremsbel\u00e4ge ausbauen, reinigen und mit Bremsenreinigerspray entfetten. Bremsbel\u00e4ge auf Papier legen und r\u00fcckseitig sowie auf Auflagefl\u00e4chen mit Bremsen Anti-Quietsch gen\u00fcgend bespr\u00fchen und einige Minuten trocknen lassen. Bei starkem Vibrieren Vorgang wiederholen. Vor Montage Bremsbel\u00e4ge zus\u00e4tzlich mit Concpt-Car-Tempress behandeln. Bremsen Anti-Quietsch hat keine nachteilige Wirkung auf Manschetten und andere Bremsteile und beeintr\u00e4chtigt, richtig angewendet, die Bremswirkung nicht. Reibfl\u00e4chen nicht einspr\u00fchen!<\/p>\n","protected":false},"excerpt":{"rendered":"<p>Bremsen Anti-Quietsch<\/p>\n","protected":false},"featured_media":1388,"comment_status":"open","ping_status":"closed","template":"","meta":[],"product_cat":[44,59,42,40,65],"product_tag":[],"_links":{"self":[{"href":"https:\/\/tusac.ch\/fr\/wp-json\/wp\/v2\/product\/1105"}],"collection":[{"href":"https:\/\/tusac.ch\/fr\/wp-json\/wp\/v2\/product"}],"about":[{"href":"https:\/\/tusac.ch\/fr\/wp-json\/wp\/v2\/types\/product"}],"replies":[{"embeddable":true,"href":"https:\/\/tusac.ch\/fr\/wp-json\/wp\/v2\/comments?post=1105"}],"wp:featuredmedia":[{"embeddable":true,"href":"https:\/\/tusac.ch\/fr\/wp-json\/wp\/v2\/media\/1388"}],"wp:attachment":[{"href":"https:\/\/tusac.ch\/fr\/wp-json\/wp\/v2\/media?parent=1105"}],"wp:term":[{"taxonomy":"product_cat","embeddable":true,"href":"https:\/\/tusac.ch\/fr\/wp-json\/wp\/v2\/product_cat?post=1105"},{"taxonomy":"product_tag","embeddable":true,"href":"https:\/\/tusac.ch\/fr\/wp-json\/wp\/v2\/product_tag?post=1105"}],"curies":[{"name":"wp","href":"https:\/\/api.w.org\/{rel}","templated":true}]}}