{"id":1097,"date":"2018-01-16T16:44:09","date_gmt":"2018-01-16T16:44:09","guid":{"rendered":"https:\/\/tusac.lange-development.ch\/produkt\/aqua-fresh\/"},"modified":"2022-02-12T07:55:13","modified_gmt":"2022-02-12T07:55:13","slug":"aqua-fresh","status":"publish","type":"product","link":"https:\/\/tusac.ch\/fr\/shop\/fahrzeugwaesche\/wasseraufbereitung\/aqua-fresh\/","title":{"rendered":"Aqua Fresh"},"content":{"rendered":"<p>Dieses Produkt wirkt sicher, nachhaltig und vorbeugend gegen Geruchsentwicklung in Brauchwasserkreisl\u00e4ufen. F\u00fcr biologische Aufbereitungsanlagen nicht geeignet. Geruchsverursachende Sulfide werden aufoxidiert und dadurch unsch\u00e4dlich gemacht.<\/p>\n<p><strong>Anwendung \/ Dosierung<\/strong><br \/>\nBei Erstanwendung ca. 250 ml auf 1.000 l Abwasser. Nach einer ggf. erstmaligen Sto\u00dfdosierung, kontinuierlich \u00fcber die Dosierpumpe pro Fahrzeug ca. 10 \u2013 15 ml nachdosieren.<\/p>\n","protected":false},"excerpt":{"rendered":"<p>Aqua Fresh, Brauchwasserpflege, 25ltr<\/p>\n","protected":false},"featured_media":2985,"comment_status":"open","ping_status":"closed","template":"","meta":[],"product_cat":[45,158,70],"product_tag":[],"_links":{"self":[{"href":"https:\/\/tusac.ch\/fr\/wp-json\/wp\/v2\/product\/1097"}],"collection":[{"href":"https:\/\/tusac.ch\/fr\/wp-json\/wp\/v2\/product"}],"about":[{"href":"https:\/\/tusac.ch\/fr\/wp-json\/wp\/v2\/types\/product"}],"replies":[{"embeddable":true,"href":"https:\/\/tusac.ch\/fr\/wp-json\/wp\/v2\/comments?post=1097"}],"wp:featuredmedia":[{"embeddable":true,"href":"https:\/\/tusac.ch\/fr\/wp-json\/wp\/v2\/media\/2985"}],"wp:attachment":[{"href":"https:\/\/tusac.ch\/fr\/wp-json\/wp\/v2\/media?parent=1097"}],"wp:term":[{"taxonomy":"product_cat","embeddable":true,"href":"https:\/\/tusac.ch\/fr\/wp-json\/wp\/v2\/product_cat?post=1097"},{"taxonomy":"product_tag","embeddable":true,"href":"https:\/\/tusac.ch\/fr\/wp-json\/wp\/v2\/product_tag?post=1097"}],"curies":[{"name":"wp","href":"https:\/\/api.w.org\/{rel}","templated":true}]}}