{"id":1091,"date":"2018-01-16T16:44:08","date_gmt":"2018-01-16T16:44:08","guid":{"rendered":"https:\/\/tusac.lange-development.ch\/produkt\/aktiv-schaum-power-plus-easy-pack\/"},"modified":"2018-02-27T14:41:05","modified_gmt":"2018-02-27T14:41:05","slug":"aktiv-schaum-power-plus-easy-pack","status":"publish","type":"product","link":"https:\/\/tusac.ch\/fr\/shop\/fahrzeugwaesche\/portalwaschanlagen\/aktiv-schaum-power-plus-easy-pack\/","title":{"rendered":"Aktiv Schaum Power Plus EasyPack 20ltr"},"content":{"rendered":"<p>Alkalisches, kraftvolles Konzentrat f\u00fcr die maschinelle Hauptw\u00e4sche <\/p>\n<p>Das sehr gut sch\u00e4umende Konzentrat mit intensivem Frischeduft, erh\u00f6hter Reinigungskraft sowie hohem Schmutztrageverm\u00f6gen und guter Dispergierwirkung l\u00f6st hartn\u00e4ckigen Grobschmutz ohne Probleme. Enthaltene Wasserenth\u00e4rter, Dispergiermittel und Kalkschutz sch\u00fctzen Anlage und offenporige Waschmaterialien vor Schmutz und Kalkablagerungen, Vergrauen und Verh\u00e4rten. In Anlagen mit Wasseraufbereitung wird der pH-Wert stabilisiert. Angenehmer Designer Frischeduft. Ergiebiges Doppelkonzentrat.<\/p>\n<p>Anwendung \/ Dosierung<br \/>\nF\u00fcr das gew\u00fcnschte Schaumbild werden Luft, Wasser und Reiniger optimal eingestellt. Je nach Schaumger\u00e4t wird das Produkt unverd\u00fcnnt oder 1:4 bis 1:9 (Chemie:Wasser) mit Wasser vorverd\u00fcnnt verwendet. Verbrauch ca. 5 bis 7 ml Konzentrat pro Fahrzeug.<\/p>\n","protected":false},"excerpt":{"rendered":"<p>Easy Pack Aktiv-Schaumw\u00e4sche PowerPlus, 4 x 5ltr<\/p>\n","protected":false},"featured_media":2829,"comment_status":"open","ping_status":"closed","template":"","meta":[],"product_cat":[45,68],"product_tag":[],"_links":{"self":[{"href":"https:\/\/tusac.ch\/fr\/wp-json\/wp\/v2\/product\/1091"}],"collection":[{"href":"https:\/\/tusac.ch\/fr\/wp-json\/wp\/v2\/product"}],"about":[{"href":"https:\/\/tusac.ch\/fr\/wp-json\/wp\/v2\/types\/product"}],"replies":[{"embeddable":true,"href":"https:\/\/tusac.ch\/fr\/wp-json\/wp\/v2\/comments?post=1091"}],"wp:featuredmedia":[{"embeddable":true,"href":"https:\/\/tusac.ch\/fr\/wp-json\/wp\/v2\/media\/2829"}],"wp:attachment":[{"href":"https:\/\/tusac.ch\/fr\/wp-json\/wp\/v2\/media?parent=1091"}],"wp:term":[{"taxonomy":"product_cat","embeddable":true,"href":"https:\/\/tusac.ch\/fr\/wp-json\/wp\/v2\/product_cat?post=1091"},{"taxonomy":"product_tag","embeddable":true,"href":"https:\/\/tusac.ch\/fr\/wp-json\/wp\/v2\/product_tag?post=1091"}],"curies":[{"name":"wp","href":"https:\/\/api.w.org\/{rel}","templated":true}]}}