{"id":1089,"date":"2018-01-16T16:44:08","date_gmt":"2018-01-16T16:44:08","guid":{"rendered":"https:\/\/tusac.lange-development.ch\/produkt\/aktiv-felgenreiniger-forte\/"},"modified":"2022-02-12T07:24:43","modified_gmt":"2022-02-12T07:24:43","slug":"aktiv-felgenreiniger-forte","status":"publish","type":"product","link":"https:\/\/tusac.ch\/fr\/shop\/waschanlagen-chemie\/waschstrassen\/aktiv-felgenreiniger-forte\/","title":{"rendered":"Aktiv Felgenreiniger Forte"},"content":{"rendered":"<p>Alkalischer Spezialreiniger f\u00fcr hartn\u00e4ckige Felgenverschmutzungen.<\/p>\n<p>Der Hochleistungsreiniger beseitigt gr\u00fcndlich selbst hartn\u00e4ckige Verschmutzungen wie den Abrieb von Bremsbel\u00e4gen sowie Streusalz. Er besitzt eine herausragende Wirkung gegen verkrusteten Schlamm und allgemeinen Stra\u00dfenschmutz. Zus\u00e4tzlich enth\u00e4lt er einen Korrosionsschutz f\u00fcr Rad- und Felgenschrauben. Mit angenehmem Duft. Doppelkonzentrat, \u00e4u\u00dferst ergiebig. Nicht f\u00fcr eloxierte Felgen geeignet.<\/p>\n<p>Anwendung \/ Dosierung<\/p>\n<p>Erhitzte Felgen abk\u00fchlen lassen. Verbrauch ca. 20 ml Konzentrat pro Fahrzeug. Je nach Verschmutzung 1:3 bis 1:6 (Chemie:Wasser) verd\u00fcnnen. Felgen einspr\u00fchen, Reiniger kurz einwirken lassen und mit Wasser absp\u00fclen.<\/p>\n","protected":false},"excerpt":{"rendered":"<p>Aktiv Felgenreiniger forte , 25 ltr<\/p>\n","protected":false},"featured_media":2811,"comment_status":"open","ping_status":"closed","template":"","meta":[],"product_cat":[45,66,68,41,49,67,158,69],"product_tag":[],"_links":{"self":[{"href":"https:\/\/tusac.ch\/fr\/wp-json\/wp\/v2\/product\/1089"}],"collection":[{"href":"https:\/\/tusac.ch\/fr\/wp-json\/wp\/v2\/product"}],"about":[{"href":"https:\/\/tusac.ch\/fr\/wp-json\/wp\/v2\/types\/product"}],"replies":[{"embeddable":true,"href":"https:\/\/tusac.ch\/fr\/wp-json\/wp\/v2\/comments?post=1089"}],"wp:featuredmedia":[{"embeddable":true,"href":"https:\/\/tusac.ch\/fr\/wp-json\/wp\/v2\/media\/2811"}],"wp:attachment":[{"href":"https:\/\/tusac.ch\/fr\/wp-json\/wp\/v2\/media?parent=1089"}],"wp:term":[{"taxonomy":"product_cat","embeddable":true,"href":"https:\/\/tusac.ch\/fr\/wp-json\/wp\/v2\/product_cat?post=1089"},{"taxonomy":"product_tag","embeddable":true,"href":"https:\/\/tusac.ch\/fr\/wp-json\/wp\/v2\/product_tag?post=1089"}],"curies":[{"name":"wp","href":"https:\/\/api.w.org\/{rel}","templated":true}]}}