{"id":1088,"date":"2018-01-16T16:44:08","date_gmt":"2018-01-16T16:44:08","guid":{"rendered":"https:\/\/tusac.lange-development.ch\/produkt\/adblue-10\/"},"modified":"2022-02-12T08:29:49","modified_gmt":"2022-02-12T08:29:49","slug":"adblue","status":"publish","type":"product","link":"https:\/\/tusac.ch\/fr\/shop\/betriebsbedarf\/verbrauchsmaterial\/adblue\/","title":{"rendered":"AdBlue"},"content":{"rendered":"<p>Produkteigenschaften:<br \/>\nAdBlue\u00ae ist der Markenname f\u00fcr eine hochreine, farblose, 32,5%-ige, f\u00fcr Fahrer und Umwelt ungef\u00e4hrliche, synthetisch hergestellte Harnstoffl\u00f6sung in demineralisiertem Wasser. AdBlue\u00ae ist ein Betriebsstoff f\u00fcr alle Dieselfahrzeuge mit SCR-Katalysator zur Einhaltung der Abgas-Normen Euro 5 und Euro 6. Diese wird bei der Abgasnachbehandlung von Automobil-Dieselmotoren verwendet.<\/p>\n<p>Wirkungsweise:<br \/>\nDie Chemikalie AdBlue\u00ae wird in vielen neuen Dieselfahrzeugen mit SCR-Katalysator (selective catalytic reduction) zur Reinigung der Abgase eingesetzt. Die in einem separaten Tank liegende Harnstoffl\u00f6sung wird z. B. mittels Dosierpumpe oder Injektor dosiert in den Abgasstrom eingespritzt und sorgt f\u00fcr eine chemische Reaktion. Das aus AdBlue\u00ae gewonnene Ammoniak reagiert im SCR Katalysator, so dass die Stickoxide in die unsch\u00e4dlichen Bestandteile Stickstoff und Wasserdampf umgewandelt werden.<\/p>\n<p>Vorteile AdBlue\u00ae:<br \/>\n\u2022Geringerer Kraftstoffverbrauch von 5% &#8211; 8%<br \/>\n\u2022Der Aussto\u00df von Stickoxiden (NOx) wird um etwa 90 % (im Station\u00e4rbetrieb) reduziert<br \/>\n\u2022In vielen L\u00e4ndern Europas g\u00fcnstigere Fahrzeugsteuern f\u00fcr Fahrzeuge, die die neusten Abgasnormen erf\u00fcllen<br \/>\n\u2022In vielen L\u00e4ndern Europas g\u00fcnstigere Stra\u00dfennutzungsgeb\u00fchren f\u00fcr Fahrzeuge, die die neusten Abgasnormen erf\u00fcllen<br \/>\n\u2022Erm\u00f6glicht die Erf\u00fcllung der Euro-4-Norm, Euro-5-Norm, Euro-6-Norm (PKW-Bereich) und BIN-5-Norm (USA, PKW-Bereich)<br \/>\n\u2022Kein Einfluss auf Wartungs- und \u00d6lwechselintervalle<\/p>\n<p>Kurz: Weniger Verbrauch und geringere Emissionen.<\/p>\n","protected":false},"excerpt":{"rendered":"<p>Ad Blue<\/p>\n","protected":false},"featured_media":2561,"comment_status":"open","ping_status":"closed","template":"","meta":[],"product_cat":[58,44,42,56,40,65],"product_tag":[],"_links":{"self":[{"href":"https:\/\/tusac.ch\/fr\/wp-json\/wp\/v2\/product\/1088"}],"collection":[{"href":"https:\/\/tusac.ch\/fr\/wp-json\/wp\/v2\/product"}],"about":[{"href":"https:\/\/tusac.ch\/fr\/wp-json\/wp\/v2\/types\/product"}],"replies":[{"embeddable":true,"href":"https:\/\/tusac.ch\/fr\/wp-json\/wp\/v2\/comments?post=1088"}],"wp:featuredmedia":[{"embeddable":true,"href":"https:\/\/tusac.ch\/fr\/wp-json\/wp\/v2\/media\/2561"}],"wp:attachment":[{"href":"https:\/\/tusac.ch\/fr\/wp-json\/wp\/v2\/media?parent=1088"}],"wp:term":[{"taxonomy":"product_cat","embeddable":true,"href":"https:\/\/tusac.ch\/fr\/wp-json\/wp\/v2\/product_cat?post=1088"},{"taxonomy":"product_tag","embeddable":true,"href":"https:\/\/tusac.ch\/fr\/wp-json\/wp\/v2\/product_tag?post=1088"}],"curies":[{"name":"wp","href":"https:\/\/api.w.org\/{rel}","templated":true}]}}