{"id":1086,"date":"2018-01-16T16:44:08","date_gmt":"2018-01-16T16:44:08","guid":{"rendered":"https:\/\/tusac.lange-development.ch\/produkt\/acryl-protect-dry\/"},"modified":"2022-02-12T07:41:09","modified_gmt":"2022-02-12T07:41:09","slug":"acryl-protect-dry","status":"publish","type":"product","link":"https:\/\/tusac.ch\/fr\/shop\/waschanlagen-chemie\/waschstrassen\/acryl-protect-dry\/","title":{"rendered":"Acryl Protect &#038; Dry"},"content":{"rendered":"<p>Der einzigartige Konservierer sorgt f\u00fcr ein extrem glattes und langanhaltendes Oberfl\u00e4chenfinish mit Repair-Effekt. Gleichzeitig liefert er eine hervorragender Trocknungsleistung. Das in der Formulierung integrierte Polymer sorgt durch seine Struktur f\u00fcr einen Reparatureffekt von Mikokratzern auf Lackoberfl\u00e4chen. Dadurch werden Glanz und Gl\u00e4tte deutlich gesteigert und der Lack erh\u00e4lt sein urspr\u00fcngliches Aussehen zur\u00fcck. Sowohl f\u00fcr die Hei\u00df- als auch Kaltkonservierung geeignet.<\/p>\n<p><strong>Anwendung \/ Dosierung<\/strong><\/p>\n<p>Einsatz unverd\u00fcnnt \u00fcber die Dosierpumpe. Verbrauch ca. 10 bis 20 ml Konzentrat pro Fahrzeug.<\/p>\n","protected":false},"excerpt":{"rendered":"<p>Acryl Konservierer Protect and Dry, 25ltr<\/p>\n","protected":false},"featured_media":2809,"comment_status":"open","ping_status":"closed","template":"","meta":[],"product_cat":[45,68,67,158,69],"product_tag":[],"_links":{"self":[{"href":"https:\/\/tusac.ch\/fr\/wp-json\/wp\/v2\/product\/1086"}],"collection":[{"href":"https:\/\/tusac.ch\/fr\/wp-json\/wp\/v2\/product"}],"about":[{"href":"https:\/\/tusac.ch\/fr\/wp-json\/wp\/v2\/types\/product"}],"replies":[{"embeddable":true,"href":"https:\/\/tusac.ch\/fr\/wp-json\/wp\/v2\/comments?post=1086"}],"wp:featuredmedia":[{"embeddable":true,"href":"https:\/\/tusac.ch\/fr\/wp-json\/wp\/v2\/media\/2809"}],"wp:attachment":[{"href":"https:\/\/tusac.ch\/fr\/wp-json\/wp\/v2\/media?parent=1086"}],"wp:term":[{"taxonomy":"product_cat","embeddable":true,"href":"https:\/\/tusac.ch\/fr\/wp-json\/wp\/v2\/product_cat?post=1086"},{"taxonomy":"product_tag","embeddable":true,"href":"https:\/\/tusac.ch\/fr\/wp-json\/wp\/v2\/product_tag?post=1086"}],"curies":[{"name":"wp","href":"https:\/\/api.w.org\/{rel}","templated":true}]}}