{"id":1085,"date":"2018-01-16T16:44:08","date_gmt":"2018-01-16T16:44:08","guid":{"rendered":"https:\/\/tusac.lange-development.ch\/produkt\/acryl-protec-forte\/"},"modified":"2022-02-12T07:14:49","modified_gmt":"2022-02-12T07:14:49","slug":"acryl-protec-forte","status":"publish","type":"product","link":"https:\/\/tusac.ch\/fr\/shop\/waschanlagen-chemie\/waschstrassen\/acryl-protec-forte\/","title":{"rendered":"Acryl Protect Forte"},"content":{"rendered":"<p>Lang anhaltende Oberfl\u00e4chenkonservierung mit Repair-Effekt<br \/>\nDas in der Formulierung integrierte Polymer sorgt durch seine Struktur f\u00fcr einen Reparatureffekt von Mikokratzern auf Lackoberl\u00e4chen. Dadurch werden Glanz und Gl\u00e4tte deutlich gesteigert und der Lack beh\u00e4lt sein urspr\u00fcngliches Aussehen zur\u00fcck.<\/p>\n<p>Anwendung \/ Dosierung<br \/>\nEinsatz unverd\u00fcnnt mit Dosierpumpe. Auftrag \u00fcber Spr\u00fchbogen. Anschlie\u00dfend Auftrag von Trockner. Verbrauch ca. 15 bis 25 ml pro Fahrzeug.<\/p>\n","protected":false},"excerpt":{"rendered":"<p>Acryl Protect forte<\/p>\n","protected":false},"featured_media":2809,"comment_status":"open","ping_status":"closed","template":"","meta":[],"product_cat":[45,66,68,67,158,69],"product_tag":[],"_links":{"self":[{"href":"https:\/\/tusac.ch\/fr\/wp-json\/wp\/v2\/product\/1085"}],"collection":[{"href":"https:\/\/tusac.ch\/fr\/wp-json\/wp\/v2\/product"}],"about":[{"href":"https:\/\/tusac.ch\/fr\/wp-json\/wp\/v2\/types\/product"}],"replies":[{"embeddable":true,"href":"https:\/\/tusac.ch\/fr\/wp-json\/wp\/v2\/comments?post=1085"}],"wp:featuredmedia":[{"embeddable":true,"href":"https:\/\/tusac.ch\/fr\/wp-json\/wp\/v2\/media\/2809"}],"wp:attachment":[{"href":"https:\/\/tusac.ch\/fr\/wp-json\/wp\/v2\/media?parent=1085"}],"wp:term":[{"taxonomy":"product_cat","embeddable":true,"href":"https:\/\/tusac.ch\/fr\/wp-json\/wp\/v2\/product_cat?post=1085"},{"taxonomy":"product_tag","embeddable":true,"href":"https:\/\/tusac.ch\/fr\/wp-json\/wp\/v2\/product_tag?post=1085"}],"curies":[{"name":"wp","href":"https:\/\/api.w.org\/{rel}","templated":true}]}}