{"id":2105,"date":"2018-02-14T12:10:45","date_gmt":"2018-02-14T12:10:45","guid":{"rendered":"https:\/\/tusac.lange-development.ch\/societe\/"},"modified":"2018-02-20T16:46:24","modified_gmt":"2018-02-20T16:46:24","slug":"societe","status":"publish","type":"page","link":"https:\/\/tusac.ch\/fr\/societe\/","title":{"rendered":"Soci\u00e9t\u00e9"},"content":{"rendered":"<div id='av_section_1' class='avia-section main_color avia-section-huge avia-no-border-styling avia-full-stretch av-parallax-section av-section-color-overlay-active avia-bg-style-parallax  avia-builder-el-0  el_before_av_layout_row  avia-builder-el-first   av-minimum-height av-minimum-height-50  container_wrap sidebar_right' style=' '  data-section-bg-repeat='stretch' data-av_minimum_height_pc='50'><div class='av-parallax' data-avia-parallax-ratio='0.3' ><div class='av-parallax-inner main_color  avia-full-stretch' style = 'background-repeat: no-repeat; background-image: url(https:\/\/tusac.ch\/wp-content\/uploads\/2017\/12\/tusac-ag-geschichte-kopf-schmiermittel.jpg);background-attachment: scroll; background-position: bottom center; ' ><\/div><\/div><div class='av-section-color-overlay-wrap'><div class='av-section-color-overlay' style='opacity: 0.7; background-color: #6786a1; '><\/div><div class='container' ><main  role=\"main\" itemprop=\"mainContentOfPage\"  class='template-page content  av-content-small alpha units'><div class='post-entry post-entry-type-page post-entry-2105'><div class='entry-content-wrapper clearfix'>\n<div style='text-align:center; color:#ffffff; font-size:60px; margin:0 0 0 0; ' class='av-rotator-container av-rotation-container-center   avia-builder-el-1  avia-builder-el-no-sibling  av-after-rotation-text-active' data-interval='3' data-animation='-1'><h3 class='av-rotator-container-inner '>NOUS OFFRONS BEST<span class='av-rotator-text av-rotator-multiline-on '>\n<span style='color:#253849; ' class='av-rotator-text-single av-rotator-text-single-1'>CHIMIE DE DETERGENT<\/span>\n<span style='color:#253849; ' class='av-rotator-text-single av-rotator-text-single-2'>PRODUITS DE SOINS<\/span>\n<span style='color:#253849; ' class='av-rotator-text-single av-rotator-text-single-3'>GRAISSE<\/span>\n<span style='color:#253849; ' class='av-rotator-text-single av-rotator-text-single-4'>ADDITIFS<\/span>\n<\/span>EN SUISSE<\/h3><\/div>\n\n<\/div><\/div><\/main><!-- close content main element --><\/div><\/div><\/div><div id='av-layout-grid-1' class='av-layout-grid-container entry-content-wrapper main_color av-flex-cells     avia-builder-el-2  el_after_av_section  el_before_av_layout_row  submenu-not-first container_wrap sidebar_right' style=' '  >\n<div class=\"flex_cell no_margin av_one_half  avia-builder-el-3  el_before_av_cell_one_half  avia-builder-el-first   \" style='height:600px; min-height:600px;vertical-align:middle; padding:150px; background-color:#ffffff; '><div class='flex_cell_inner' ><p><div style='padding-bottom:10px; font-size:30px;' class='av-special-heading av-special-heading-h3  blockquote modern-quote  avia-builder-el-4  el_before_av_hr  avia-builder-el-first   av-inherit-size '><h3 class='av-special-heading-tag '  itemprop=\"headline\"  >Comment tout a commenc\u00e9 &#8211; de l\u2019id\u00e9e au d\u00e9veloppement<\/h3><div class='special-heading-border'><div class='special-heading-inner-border' ><\/div><\/div><\/div><br \/>\n<div style=' margin-top:30px; margin-bottom:30px;'  class='hr hr-custom hr-left hr-icon-no   avia-builder-el-5  el_after_av_heading  el_before_av_textblock '><span class='hr-inner   inner-border-av-border-fat' style=' width:50px;' ><span class='hr-inner-style'><\/span><\/span><\/div><br \/>\n<section class=\"av_textblock_section \"  itemscope=\"itemscope\" itemtype=\"https:\/\/schema.org\/CreativeWork\" ><div class='avia_textblock  '   itemprop=\"text\" ><p>Nous sommes depuis 1980 une soci\u00e9t\u00e9 suisse de n\u00e9goce familiale et ind\u00e9pendante \u00e0 succ\u00e8s avec un service sur le terrain \u00e0 l\u2019\u00e9chelle nationale dans toute la Suisse .<\/p>\n<\/div><\/section><\/p>\n<\/div><\/div><div class=\"flex_cell no_margin av_one_half  avia-builder-el-7  el_after_av_cell_one_half  avia-builder-el-last   avia-full-stretch \" style='height:600px; min-height:600px;background:url(https:\/\/tusac.ch\/wp-content\/uploads\/2017\/12\/Tusac-ag-schweiz-geschichte-waschchemie.jpg) center center no-repeat scroll; vertical-align:top; padding:50px; '><div class='flex_cell_inner' ><\/div><\/div>\n<\/div>\n<div id='av-layout-grid-2' class='av-layout-grid-container entry-content-wrapper main_color av-flex-cells     avia-builder-el-8  el_after_av_layout_row  el_before_av_layout_row  submenu-not-first container_wrap sidebar_right' style=' '  >\n<div class=\"flex_cell no_margin av_one_half  avia-builder-el-9  el_before_av_cell_one_half  avia-builder-el-first   avia-full-stretch \" style='height:600px; min-height:600px;background:url(https:\/\/tusac.ch\/wp-content\/uploads\/2017\/12\/tusac-ag-heute-waschchemie.jpg) center left no-repeat scroll; vertical-align:middle; padding:50px; '><div class='flex_cell_inner' ><\/div><\/div><div class=\"flex_cell no_margin av_one_half  avia-builder-el-10  el_after_av_cell_one_half  avia-builder-el-last   \" style='height:600px; min-height:600px;vertical-align:middle; padding:150px; '><div class='flex_cell_inner' ><p><div style='padding-bottom:10px; font-size:30px;' class='av-special-heading av-special-heading-h3  blockquote modern-quote  avia-builder-el-11  el_before_av_hr  avia-builder-el-first   av-inherit-size '><h3 class='av-special-heading-tag '  itemprop=\"headline\"  >Le successeur et le nouveau si\u00e8ge de l\u2019entreprise<\/h3><div class='special-heading-border'><div class='special-heading-inner-border' ><\/div><\/div><\/div><br \/>\n<div style=' margin-top:30px; margin-bottom:30px;'  class='hr hr-custom hr-left hr-icon-no   avia-builder-el-12  el_after_av_heading  el_before_av_textblock '><span class='hr-inner   inner-border-av-border-fat' style=' width:50px;' ><span class='hr-inner-style'><\/span><\/span><\/div><br \/>\n<section class=\"av_textblock_section \"  itemscope=\"itemscope\" itemtype=\"https:\/\/schema.org\/CreativeWork\" ><div class='avia_textblock  '   itemprop=\"text\" ><p>Pour raison de succession, la soci\u00e9t\u00e9 Tusac AG a \u00e9t\u00e9 transf\u00e9r\u00e9e le 1<sup>er<\/sup> janvier 2014 en une nouvelle soci\u00e9t\u00e9, tout en gardant son nom Tusac AG. Le si\u00e8ge principal et l\u2019entrep\u00f4t central ont \u00e9t\u00e9 transf\u00e9r\u00e9s \u00e0 Kriens.\u00a0 Les sites d\u00e9j\u00e0 bien \u00e9tablis en Suisse ont \u00e9t\u00e9 conserv\u00e9s . <span id=\"result_box\" lang=\"fr\">Au d\u00e9but de 2015, nous avons \u00e9t\u00e9 autoris\u00e9s \u00e0 emm\u00e9nager dans notre nouveau si\u00e8ge \u00e0 Wolfwil SO<\/span>.<br \/>\nLa soci\u00e9t\u00e9 Tusac AG, la gamme de produits et l\u2019 identit\u00e9 sont constamment mises au point afin de pouvoir garantir \u00e0 nos clients et partenaires un grand engagement de tout le personnel.<\/p>\n<\/div><\/section><\/p>\n<\/div><\/div>\n<\/div>\n<div id='av-layout-grid-3' class='av-layout-grid-container entry-content-wrapper main_color av-flex-cells     avia-builder-el-14  el_after_av_layout_row  el_before_av_section  submenu-not-first container_wrap sidebar_right' style=' '  >\n<div class=\"flex_cell no_margin av_one_half  avia-builder-el-15  el_before_av_cell_one_half  avia-builder-el-first   \" style='height:600px; min-height:600px;vertical-align:middle; padding:150px; background-color:#c50419; '><div class='flex_cell_inner' ><p><div class='avia-image-container  av-styling-    avia-builder-el-16  el_before_av_hr  avia-builder-el-first  avia-align-left '  itemprop=\"image\" itemscope=\"itemscope\" itemtype=\"https:\/\/schema.org\/ImageObject\"  ><div class='avia-image-container-inner'><div class='avia-image-overlay-wrap'><img class='avia_image' src='https:\/\/tusac.ch\/wp-content\/uploads\/2017\/12\/logo-tusac-neu-white.png' alt='' title='logo-tusac-neu-white' height=\"92\" width=\"200\"  itemprop=\"thumbnailUrl\"  \/><\/div><\/div><\/div><br \/>\n<div style=' margin-top:30px; margin-bottom:30px;'  class='hr hr-custom hr-left hr-icon-no   avia-builder-el-17  el_after_av_image  el_before_av_heading '><span class='hr-inner   inner-border-av-border-fat' style=' width:50px; border-color:rgba(255,255,255,0.01);' ><span class='hr-inner-style'><\/span><\/span><\/div><br \/>\n<div style='padding-bottom:10px; color:#ffffff;font-size:30px;' class='av-special-heading av-special-heading-h3 custom-color-heading blockquote modern-quote  avia-builder-el-18  el_after_av_hr  el_before_av_hr   av-inherit-size '><h3 class='av-special-heading-tag '  itemprop=\"headline\"  >Tusac AG aujourd\u2019hui et dans le futur<\/h3><div class='special-heading-border'><div class='special-heading-inner-border' style='border-color:#ffffff'><\/div><\/div><\/div><br \/>\n<div style=' margin-top:30px; margin-bottom:30px;'  class='hr hr-custom hr-left hr-icon-no   avia-builder-el-19  el_after_av_heading  el_before_av_textblock '><span class='hr-inner   inner-border-av-border-fat' style=' width:50px; border-color:#ffffff;' ><span class='hr-inner-style'><\/span><\/span><\/div><br \/>\n<section class=\"av_textblock_section \"  itemscope=\"itemscope\" itemtype=\"https:\/\/schema.org\/CreativeWork\" ><div class='avia_textblock  av_inherit_color '  style='color:#ffffff; '  itemprop=\"text\" ><p><span id=\"result_box\" class=\"short_text\" lang=\"fr\">Tusac continue d&rsquo;\u00e9voluer. <span id=\"result_box\" lang=\"fr\">Avec un tout nouveau paysage en ligne, de nouveaux produits, une nouvelle zone de service pour les revendeurs et une solide \u00e9quipe de conseil client\u00e8le, nous sommes pr\u00eats pour le futur avec vous et pour vous.<\/span><\/span><span id=\"t-served-community-button\" class=\"trans-verified-button goog-toolbar-button\" role=\"button\" aria-hidden=\"true\"><\/span><\/p>\n<\/div><\/section><\/p>\n<\/div><\/div><div class=\"flex_cell no_margin av_one_half  avia-builder-el-21  el_after_av_cell_one_half  avia-builder-el-last   avia-full-stretch \" style='height:600px; min-height:600px;background:url(https:\/\/tusac.ch\/wp-content\/uploads\/2017\/12\/tusac-ag-heute-schmiermittel.jpg) center center no-repeat scroll; vertical-align:top; padding:50px; '><div class='flex_cell_inner' ><\/div><\/div>\n<\/div>\n<div id='av_section_2' class='avia-section alternate_color avia-section-large avia-no-border-styling avia-bg-style-scroll  avia-builder-el-22  el_after_av_layout_row  el_before_av_section   container_wrap sidebar_right' style=' '  ><div class='container' ><div class='template-page content  av-content-small alpha units'><div class='post-entry post-entry-type-page post-entry-2105'><div class='entry-content-wrapper clearfix'>\n<div style='padding-bottom:10px; font-size:30px;' class='av-special-heading av-special-heading-h3  blockquote modern-quote modern-centered  avia-builder-el-23  el_before_av_hr  avia-builder-el-first  av-inherit-size '><h3 class='av-special-heading-tag '  itemprop=\"headline\"  >Nos services &#8211; vos avantages<\/h3><div class='special-heading-border'><div class='special-heading-inner-border' ><\/div><\/div><\/div>\n<div style=' margin-top:30px; margin-bottom:30px;'  class='hr hr-custom hr-center hr-icon-no   avia-builder-el-24  el_after_av_heading  el_before_av_one_half '><span class='hr-inner   inner-border-av-border-fat' style=' width:50px;' ><span class='hr-inner-style'><\/span><\/span><\/div>\n<div class=\"flex_column av_one_half  flex_column_div first  avia-builder-el-25  el_after_av_hr  el_before_av_one_half  \" ><article class=\"iconbox iconbox_left_content    avia-builder-el-26  avia-builder-el-no-sibling  \"  itemscope=\"itemscope\" itemtype=\"https:\/\/schema.org\/CreativeWork\" ><div class=\"iconbox_icon heading-color \" aria-hidden='true' data-av_icon='\ue8b1' data-av_iconfont='entypo-fontello'  ><\/div><div class=\"iconbox_content\"><header class=\"entry-content-header\"><h3 class='iconbox_content_title  '  itemprop=\"headline\"  >Livraison \u00e0 l\u2019\u00e9chelle de la Suisse<\/h3><\/header><div class='iconbox_content_container  '  itemprop=\"text\"  ><p><span id=\"result_box\" lang=\"fr\">Nous livrons dans toute la Suisse, si urgent, m\u00eame dans les 24 heures. Notre flotte et nos employ\u00e9s rendent cela possible.<\/span><span id=\"t-served-community-button\" class=\"trans-verified-button goog-toolbar-button\" role=\"button\" aria-hidden=\"true\"><\/span><\/p>\n<\/div><\/div><footer class=\"entry-footer\"><\/footer><\/article><\/div><div class=\"flex_column av_one_half  flex_column_div av-zero-column-padding   avia-builder-el-27  el_after_av_one_half  el_before_av_one_half  \" style='border-radius:0px; '><article class=\"iconbox iconbox_left_content    avia-builder-el-28  avia-builder-el-no-sibling  \"  itemscope=\"itemscope\" itemtype=\"https:\/\/schema.org\/CreativeWork\" ><div class=\"iconbox_icon heading-color \" aria-hidden='true' data-av_icon='\ue8e2' data-av_iconfont='entypo-fontello'  ><\/div><div class=\"iconbox_content\"><header class=\"entry-content-header\"><h3 class='iconbox_content_title  '  itemprop=\"headline\"  >Livraison gratuite d\u00e8s CHF 500.-<\/h3><\/header><div class='iconbox_content_container  '  itemprop=\"text\"  ><p><span id=\"result_box\" lang=\"fr\">Peu importe si quelques bo\u00eetes ou plusieurs palettes de marchandises, nous prenons en charge les frais de port \u00e0 partir d&rsquo;une valeur de commande de CHF 500.-<\/span><span id=\"t-served-community-button\" class=\"trans-verified-button goog-toolbar-button\" role=\"button\" aria-hidden=\"true\"><\/span>.<\/p>\n<\/div><\/div><footer class=\"entry-footer\"><\/footer><\/article><\/div><div class=\"flex_column av_one_half  flex_column_div first  avia-builder-el-29  el_after_av_one_half  el_before_av_one_half  column-top-margin\" ><article class=\"iconbox iconbox_left_content    avia-builder-el-30  avia-builder-el-no-sibling  \"  itemscope=\"itemscope\" itemtype=\"https:\/\/schema.org\/CreativeWork\" ><div class=\"iconbox_icon heading-color \" aria-hidden='true' data-av_icon='\ue824' data-av_iconfont='entypo-fontello'  ><\/div><div class=\"iconbox_content\"><header class=\"entry-content-header\"><h3 class='iconbox_content_title  '  itemprop=\"headline\"  >S\u00e9curit\u00e9<\/h3><\/header><div class='iconbox_content_container  '  itemprop=\"text\"  ><p><span id=\"result_box\" lang=\"fr\">Nos produits r\u00e9pondent aux normes les plus \u00e9lev\u00e9es en mati\u00e8re de s\u00e9curit\u00e9. Nos transporteurs connaissent bien le transport de substances chimiques.<\/span><span id=\"t-served-community-button\" class=\"trans-verified-button goog-toolbar-button\" role=\"button\" aria-hidden=\"true\"><\/span><\/p>\n<\/div><\/div><footer class=\"entry-footer\"><\/footer><\/article><\/div><div class=\"flex_column av_one_half  flex_column_div av-zero-column-padding   avia-builder-el-31  el_after_av_one_half  el_before_av_one_half  column-top-margin\" style='border-radius:0px; '><article class=\"iconbox iconbox_left_content    avia-builder-el-32  avia-builder-el-no-sibling  \"  itemscope=\"itemscope\" itemtype=\"https:\/\/schema.org\/CreativeWork\" ><div class=\"iconbox_icon heading-color \" aria-hidden='true' data-av_icon='\ue805' data-av_iconfont='entypo-fontello'  ><\/div><div class=\"iconbox_content\"><header class=\"entry-content-header\"><h3 class='iconbox_content_title  '  itemprop=\"headline\"  >Gestion de l\u2019information<\/h3><\/header><div class='iconbox_content_container  '  itemprop=\"text\"  ><p><span id=\"result_box\" lang=\"fr\">Pas le temps de penser aux niveaux? Nous prenons soin que vous ayez toujours des bidons complets. Avec notre syst\u00e8me de rappel, vous ne serez jamais ass\u00e9ch\u00e9.<\/span><span id=\"t-served-community-button\" class=\"trans-verified-button goog-toolbar-button\" role=\"button\" aria-hidden=\"true\"><\/span><\/p>\n<\/div><\/div><footer class=\"entry-footer\"><\/footer><\/article><\/div><div class=\"flex_column av_one_half  flex_column_div first  avia-builder-el-33  el_after_av_one_half  el_before_av_one_half  column-top-margin\" ><article class=\"iconbox iconbox_left_content    avia-builder-el-34  avia-builder-el-no-sibling  \"  itemscope=\"itemscope\" itemtype=\"https:\/\/schema.org\/CreativeWork\" ><div class=\"iconbox_icon heading-color \" aria-hidden='true' data-av_icon='\ue855' data-av_iconfont='entypo-fontello'  ><\/div><div class=\"iconbox_content\"><header class=\"entry-content-header\"><h3 class='iconbox_content_title  '  itemprop=\"headline\"  >Savoir-faire technique<\/h3><\/header><div class='iconbox_content_container  '  itemprop=\"text\"  ><p><span id=\"result_box\" lang=\"fr\">Nos repr\u00e9sentants des ventes connaissent tr\u00e8s bien leurs syst\u00e8mes. Les probl\u00e8mes sont r\u00e9solus rapidement et avec comp\u00e9tence.<\/span><span id=\"t-served-community-button\" class=\"trans-verified-button goog-toolbar-button\" role=\"button\" aria-hidden=\"true\"><\/span><\/p>\n<\/div><\/div><footer class=\"entry-footer\"><\/footer><\/article><\/div><div class=\"flex_column av_one_half  flex_column_div av-zero-column-padding   avia-builder-el-35  el_after_av_one_half  el_before_av_one_half  column-top-margin\" style='border-radius:0px; '><article class=\"iconbox iconbox_left_content    avia-builder-el-36  avia-builder-el-no-sibling  \"  itemscope=\"itemscope\" itemtype=\"https:\/\/schema.org\/CreativeWork\" ><div class=\"iconbox_icon heading-color \" aria-hidden='true' data-av_icon='\ue8c6' data-av_iconfont='entypo-fontello'  ><\/div><div class=\"iconbox_content\"><header class=\"entry-content-header\"><h3 class='iconbox_content_title  '  itemprop=\"headline\"  >Performance maximale - consommation \u00e9conomique<\/h3><\/header><div class='iconbox_content_container  '  itemprop=\"text\"  ><p><span id=\"result_box\" lang=\"fr\">Gr\u00e2ce \u00e0 30 ans d&rsquo;exp\u00e9rience, les recettes de nos produits sont parfaitement coordonn\u00e9es et offrent le plus haut niveau d&rsquo;efficacit\u00e9 avec la plus faible consommation<\/span>.<\/p>\n<\/div><\/div><footer class=\"entry-footer\"><\/footer><\/article><\/div><div class=\"flex_column av_one_half  flex_column_div first  avia-builder-el-37  el_after_av_one_half  el_before_av_one_half  column-top-margin\" ><article class=\"iconbox iconbox_left_content    avia-builder-el-38  avia-builder-el-no-sibling  \"  itemscope=\"itemscope\" itemtype=\"https:\/\/schema.org\/CreativeWork\" ><div class=\"iconbox_icon heading-color \" aria-hidden='true' data-av_icon='\ue8b9' data-av_iconfont='entypo-fontello'  ><\/div><div class=\"iconbox_content\"><header class=\"entry-content-header\"><h3 class='iconbox_content_title  '  itemprop=\"headline\"  >24\/7 Support<\/h3><\/header><div class='iconbox_content_container  '  itemprop=\"text\"  ><p><span id=\"result_box\" lang=\"fr\">Nous sommes toujours disponibles par t\u00e9l\u00e9phone, par chat ou par e-mail et r\u00e9pondons rapidement.<\/span><span id=\"t-served-community-button\" class=\"trans-verified-button goog-toolbar-button\" role=\"button\" aria-hidden=\"true\"><\/span><\/p>\n<\/div><\/div><footer class=\"entry-footer\"><\/footer><\/article><\/div><div class=\"flex_column av_one_half  flex_column_div av-zero-column-padding   avia-builder-el-39  el_after_av_one_half  avia-builder-el-last  column-top-margin\" style='border-radius:0px; '><article class=\"iconbox iconbox_left_content    avia-builder-el-40  avia-builder-el-no-sibling  \"  itemscope=\"itemscope\" itemtype=\"https:\/\/schema.org\/CreativeWork\" ><div class=\"iconbox_icon heading-color \" aria-hidden='true' data-av_icon='\ue827' data-av_iconfont='entypo-fontello'  ><\/div><div class=\"iconbox_content\"><header class=\"entry-content-header\"><h3 class='iconbox_content_title  '  itemprop=\"headline\"  >La fid\u00e9lit\u00e9 du client est r\u00e9compens\u00e9e<\/h3><\/header><div class='iconbox_content_container  '  itemprop=\"text\"  ><p><span id=\"result_box\" lang=\"fr\">En tant que client enregistr\u00e9, vous recevrez des prix s\u00e9par\u00e9s et attractifs. D\u00e9couvrez-en aujourd&rsquo;hui.<\/span><\/p>\n<\/div><\/div><footer class=\"entry-footer\"><\/footer><\/article><\/div>\n\n<\/div><\/div><\/div><!-- close content main div --><\/div><\/div><div id='sign-up' class='avia-section main_color avia-section-default avia-no-shadow avia-full-stretch av-parallax-section av-section-color-overlay-active avia-bg-style-parallax  avia-builder-el-41  el_after_av_section  avia-builder-el-last   container_wrap sidebar_right' style=' '  data-section-bg-repeat='stretch'><div class='av-parallax' data-avia-parallax-ratio='0.3' ><div class='av-parallax-inner main_color  avia-full-stretch' style = 'background-repeat: no-repeat; background-image: url(https:\/\/tusac.ch\/wp-content\/uploads\/2017\/12\/tusac-ag-newsletter.jpg);background-attachment: scroll; background-position: bottom center; ' ><\/div><\/div><div class='av-section-color-overlay-wrap'><div class='av-section-color-overlay' style='opacity: 0.7; background-color: #6786a1; '><\/div><div class='container' ><div class='template-page content  av-content-small alpha units'><div class='post-entry post-entry-type-page post-entry-2105'><div class='entry-content-wrapper clearfix'>\n<div style='padding-bottom:10px; color:#ffffff;font-size:30px;' class='av-special-heading av-special-heading-h3 custom-color-heading blockquote modern-quote modern-centered  avia-builder-el-42  el_before_av_one_fifth  avia-builder-el-first  av-inherit-size '><h3 class='av-special-heading-tag '  itemprop=\"headline\"  >Ne manquez aucune nouvelle &#8211; inscrivez-vous \u00e0 notre newsletter!<\/h3><div class='special-heading-border'><div class='special-heading-inner-border' style='border-color:#ffffff'><\/div><\/div><\/div>\n<div class=\"flex_column av_one_fifth  flex_column_div first  avia-builder-el-43  el_after_av_heading  el_before_av_three_fifth  \" ><\/div><div class=\"flex_column av_three_fifth  flex_column_div av-zero-column-padding   avia-builder-el-44  el_after_av_one_fifth  el_before_av_one_fifth  \" style='border-radius:0px; '><form action=\"https:\/\/tusac.ch\/fr\/societe\/\" method=\"post\"  class=\"avia_ajax_form av-form-labels-hidden   avia-builder-el-45  avia-builder-el-no-sibling  av-custom-form-color av-light-form \" data-avia-form-id=\"1\" data-avia-redirect=''><fieldset><p class=' first_form  form_element form_element_third' id='element_avia_1_1'> <input name=\"avia_1_1\" class=\"text_input is_empty\" type=\"text\" id=\"avia_1_1\" value=\"\"  placeholder='Nom*'\/><\/p><p class=' form_element form_element_third av-last-visible-form-element' id='element_avia_2_1'> <input name=\"avia_2_1\" class=\"text_input is_email\" type=\"text\" id=\"avia_2_1\" value=\"\"  placeholder='E-Mail*'\/><\/p><p class=\"hidden\"><input type=\"text\" name=\"avia_3_1\" class=\"hidden \" id=\"avia_3_1\" value=\"\" \/><\/p><p class=\"form_element form_element_third modified_width\"><input type=\"hidden\" value=\"1\" name=\"avia_generated_form1\" \/><input type=\"submit\" value=\"S\u2019inscrire\" class=\"button\"  data-sending-label=\"Envoi\"\/><\/p><\/fieldset><\/form><div id=\"ajaxresponse_1\" class=\"ajaxresponse ajaxresponse_1 hidden\"><\/div><\/div><div class=\"flex_column av_one_fifth  flex_column_div av-zero-column-padding   avia-builder-el-46  el_after_av_three_fifth  avia-builder-el-last  \" style='border-radius:0px; '><\/div>\n<\/div><\/div><\/div><!-- close content main div --><\/div><\/div><\/div><div id='after_section_3' class='main_color av_default_container_wrap container_wrap sidebar_right' style=' '  ><div class='container' ><div class='template-page content  av-content-small alpha units'><div class='post-entry post-entry-type-page post-entry-2105'><div class='entry-content-wrapper clearfix'>\n","protected":false},"excerpt":{"rendered":"","protected":false},"author":1,"featured_media":0,"parent":0,"menu_order":0,"comment_status":"open","ping_status":"open","template":"","meta":[],"_links":{"self":[{"href":"https:\/\/tusac.ch\/fr\/wp-json\/wp\/v2\/pages\/2105"}],"collection":[{"href":"https:\/\/tusac.ch\/fr\/wp-json\/wp\/v2\/pages"}],"about":[{"href":"https:\/\/tusac.ch\/fr\/wp-json\/wp\/v2\/types\/page"}],"author":[{"embeddable":true,"href":"https:\/\/tusac.ch\/fr\/wp-json\/wp\/v2\/users\/1"}],"replies":[{"embeddable":true,"href":"https:\/\/tusac.ch\/fr\/wp-json\/wp\/v2\/comments?post=2105"}],"version-history":[{"count":37,"href":"https:\/\/tusac.ch\/fr\/wp-json\/wp\/v2\/pages\/2105\/revisions"}],"predecessor-version":[{"id":3083,"href":"https:\/\/tusac.ch\/fr\/wp-json\/wp\/v2\/pages\/2105\/revisions\/3083"}],"wp:attachment":[{"href":"https:\/\/tusac.ch\/fr\/wp-json\/wp\/v2\/media?parent=2105"}],"curies":[{"name":"wp","href":"https:\/\/api.w.org\/{rel}","templated":true}]}}