{"id":2086,"date":"2018-02-14T11:53:09","date_gmt":"2018-02-14T11:53:09","guid":{"rendered":"https:\/\/tusac.lange-development.ch\/contact\/"},"modified":"2022-01-07T07:35:19","modified_gmt":"2022-01-07T07:35:19","slug":"contact","status":"publish","type":"page","link":"https:\/\/tusac.ch\/fr\/contact\/","title":{"rendered":"Contact"},"content":{"rendered":"<div class=\"av_gmaps_sc_main_wrap av_gmaps_main_wrap\"><div id='av_gmap_0' class='avia-google-map-container avia-google-map-sc av_gmaps_show_unconditionally av-no-fallback-img ' data-mapid='av_gmap_0'  style='height: 400px;'><a class=\"av_gmaps_browser_disabled av_text_confirm_link av_text_confirm_link_visible\" href=\"https:\/\/www.google.com\/maps\/search\/?api=1&#038;query=Industrie%20B\u00e4nnli%203%20%20Wolfwil%20%20Suisse\" target=\"_blank\">Maps ont \u00e9t\u00e9 d\u00e9sactiv\u00e9s pour le visiteur de ce site.<\/a><\/div><\/div>\n<div id='av-layout-grid-1' class='av-layout-grid-container entry-content-wrapper main_color av-flex-cells     avia-builder-el-1  el_after_av_google_map  el_before_av_one_full  submenu-not-first container_wrap sidebar_right' style=' '  >\n<div class=\"flex_cell no_margin av_two_third  avia-builder-el-2  el_before_av_cell_one_third  avia-builder-el-first   \" style='vertical-align:top; padding:30px 60px 30px 60px ; '><div class='flex_cell_inner' ><form action=\"https:\/\/tusac.ch\/fr\/contact\/\" method=\"post\"  class=\"avia_ajax_form av-form-labels-visible   avia-builder-el-3  avia-builder-el-no-sibling   \" data-avia-form-id=\"1\" data-avia-redirect=''><fieldset><p class=' first_form  form_element form_element_third' id='element_avia_1_1'><label for=\"avia_1_1\">Nom <abbr class=\"required\" title=\"requis\">*<\/abbr><\/label> <input name=\"avia_1_1\" class=\"text_input is_empty\" type=\"text\" id=\"avia_1_1\" value=\"\" \/><\/p><p class=' form_element form_element_third' id='element_avia_2_1'><label for=\"avia_2_1\">E-Mail <abbr class=\"required\" title=\"requis\">*<\/abbr><\/label> <input name=\"avia_2_1\" class=\"text_input is_email\" type=\"text\" id=\"avia_2_1\" value=\"\" \/><\/p><p class=' form_element form_element_third' id='element_avia_3_1'><label for=\"avia_3_1\">Th\u00e8me <abbr class=\"required\" title=\"requis\">*<\/abbr><\/label> <select  name=\"avia_3_1\" class=\"select is_empty\" id=\"avia_3_1\"><option  value ='Questions sur les produits'>Questions sur les produits<\/option><option  value ='le paiement'>le paiement<\/option><option  value ='la livraison'>la livraison<\/option><option  value ='les commandes'>les commandes<\/option><option  value ='les partenaires et les revendeurs'>les partenaires et les revendeurs<\/option><option  value ='divers'>divers<\/option><\/select><\/p><p class=' first_form  form_element form_fullwidth av-last-visible-form-element' id='element_avia_4_1'>\t <label for=\"avia_4_1\" class=\"textare_label hidden textare_label_avia_4_1\">Message <abbr class=\"required\" title=\"requis\">*<\/abbr><\/label>\t <textarea  name=\"avia_4_1\" class=\"text_area is_empty\" cols=\"40\" rows=\"7\" id=\"avia_4_1\" ><\/textarea><\/p><p class=\"hidden\"><input type=\"text\" name=\"avia_5_1\" class=\"hidden \" id=\"avia_5_1\" value=\"\" \/><\/p><p class=\"form_element \"><input type=\"hidden\" value=\"1\" name=\"avia_generated_form1\" \/><input type=\"submit\" value=\"Envoyer\" class=\"button\"  data-sending-label=\"Envoi\"\/><\/p><\/fieldset><\/form><div id=\"ajaxresponse_1\" class=\"ajaxresponse ajaxresponse_1 hidden\"><\/div>\n<\/div><\/div><div class=\"flex_cell no_margin av_one_third  avia-builder-el-4  el_after_av_cell_two_third  avia-builder-el-last   \" style='vertical-align:middle; padding:30px; background-color:#c50419; '><div class='flex_cell_inner' ><section class=\"av_textblock_section \"  itemscope=\"itemscope\" itemtype=\"https:\/\/schema.org\/CreativeWork\" ><div class='avia_textblock  av_inherit_color '  style='color:#ffffff; '  itemprop=\"text\" ><h3 style=\"text-align: center;\">Domeco SA\/Tusac<\/h3>\n<p style=\"text-align: center;\">Dotzigenstrasse 4<br \/>\n3264 Diessbach<br \/>\nSuisse<\/p>\n<p style=\"text-align: center;\">032 351 12 84<br \/>\ninfo@domeco.ch<\/p>\n<\/div><\/section>\n<\/div><\/div><\/div><div id='after_submenu_1' class='main_color av_default_container_wrap container_wrap sidebar_right' style=' '  ><div class='container' ><div class='template-page content  av-content-small alpha units'><div class='post-entry post-entry-type-page post-entry-2086'><div class='entry-content-wrapper clearfix'><div class=\"flex_column av_one_full  flex_column_div av-zero-column-padding first  avia-builder-el-6  el_after_av_layout_row  el_before_av_section  avia-builder-el-no-sibling  \" style='border-radius:0px; '><section class=\"av_textblock_section \"  itemscope=\"itemscope\" itemtype=\"https:\/\/schema.org\/CreativeWork\" ><div class='avia_textblock  '   itemprop=\"text\" ><h2>Gestion<\/h2>\n<\/div><\/section><\/div><\/p>\n<\/div><\/div><\/div><!-- close content main div --><\/div><\/div><div id='av_section_1' class='avia-section alternate_color avia-section-large avia-no-border-styling avia-bg-style-scroll  avia-builder-el-8  el_after_av_one_full  el_before_av_section   container_wrap sidebar_right' style='background-color: #efefef;  '  ><div class='container' ><div class='template-page content  av-content-small alpha units'><div class='post-entry post-entry-type-page post-entry-2086'><div class='entry-content-wrapper clearfix'>\n<div class=\"flex_column av_one_third  flex_column_div first  avia-builder-el-9  el_before_av_one_third  avia-builder-el-first  \" ><section class='avia-team-member   avia-builder-el-10  avia-builder-el-no-sibling  '  itemscope=\"itemscope\" itemtype=\"https:\/\/schema.org\/Person\" ><div class='team-img-container'><img class='avia_image avia_image_team' src='https:\/\/tusac.ch\/wp-content\/uploads\/2017\/12\/foto-mitarbeiter-vorlage-tusac.png' alt='Valentin Fontana'  itemprop=\"image\"  \/><\/div><h3 class='team-member-name'    itemprop=\"name\" >Valentin Fontana<\/h3><div class='team-member-job-title '   itemprop=\"jobTitle\" >Directeur g\u00e9n\u00e9ral<\/div><div class='team-member-description '  itemprop=\"description\"  ><p>valentin.fontana@domeco.ch<\/p>\n<\/div><span class='hidden team-member-affiliation'  itemprop=\"affiliation\" >Tusac und Domeco<\/span><\/section><\/div><div class=\"flex_column av_one_third  flex_column_div av-zero-column-padding   avia-builder-el-11  el_after_av_one_third  avia-builder-el-last  \" style='border-radius:0px; '><\/div>\n\n<\/div><\/div><\/div><!-- close content main div --><\/div><\/div><div id='sign-up' class='avia-section main_color avia-section-default avia-no-shadow avia-full-stretch av-parallax-section av-section-color-overlay-active avia-bg-style-parallax  avia-builder-el-12  el_after_av_section  avia-builder-el-last   container_wrap sidebar_right' style=' '  data-section-bg-repeat='stretch'><div class='av-parallax' data-avia-parallax-ratio='0.3' ><div class='av-parallax-inner main_color  avia-full-stretch' style = 'background-repeat: no-repeat; background-image: url(https:\/\/tusac.ch\/wp-content\/uploads\/2017\/12\/tusac-ag-newsletter.jpg);background-attachment: scroll; background-position: bottom center; ' ><\/div><\/div><div class='av-section-color-overlay-wrap'><div class='av-section-color-overlay' style='opacity: 0.7; background-color: #6786a1; '><\/div><div class='container' ><div class='template-page content  av-content-small alpha units'><div class='post-entry post-entry-type-page post-entry-2086'><div class='entry-content-wrapper clearfix'>\n<div style='padding-bottom:10px; color:#ffffff;font-size:30px;' class='av-special-heading av-special-heading-h3 custom-color-heading blockquote modern-quote modern-centered  avia-builder-el-13  el_before_av_one_fifth  avia-builder-el-first  av-inherit-size '><h3 class='av-special-heading-tag '  itemprop=\"headline\"  >Ne manquez aucune nouvelle &#8211; inscrivez-vous \u00e0 notre newsletter!<\/h3><div class='special-heading-border'><div class='special-heading-inner-border' style='border-color:#ffffff'><\/div><\/div><\/div>\n<div class=\"flex_column av_one_fifth  flex_column_div first  avia-builder-el-14  el_after_av_heading  el_before_av_three_fifth  \" ><\/div><div class=\"flex_column av_three_fifth  flex_column_div av-zero-column-padding   avia-builder-el-15  el_after_av_one_fifth  el_before_av_one_fifth  \" style='border-radius:0px; '><form action=\"https:\/\/tusac.ch\/fr\/contact\/\" method=\"post\"  class=\"avia_ajax_form av-form-labels-hidden   avia-builder-el-16  avia-builder-el-no-sibling  av-custom-form-color av-light-form \" data-avia-form-id=\"2\" data-avia-redirect=''><fieldset><p class=' first_form  form_element form_element_third' id='element_avia_1_2'> <input name=\"avia_1_2\" class=\"text_input is_empty\" type=\"text\" id=\"avia_1_2\" value=\"\"  placeholder='Nom*'\/><\/p><p class=' form_element form_element_third av-last-visible-form-element' id='element_avia_2_2'> <input name=\"avia_2_2\" class=\"text_input is_email\" type=\"text\" id=\"avia_2_2\" value=\"\"  placeholder='E-Mail*'\/><\/p><p class=\"hidden\"><input type=\"text\" name=\"avia_3_2\" class=\"hidden \" id=\"avia_3_2\" value=\"\" \/><\/p><p class=\"form_element form_element_third modified_width\"><input type=\"hidden\" value=\"1\" name=\"avia_generated_form2\" \/><input type=\"submit\" value=\"S\u2019inscrire\" class=\"button\"  data-sending-label=\"Envoi\"\/><\/p><\/fieldset><\/form><div id=\"ajaxresponse_2\" class=\"ajaxresponse ajaxresponse_2 hidden\"><\/div><\/div><div class=\"flex_column av_one_fifth  flex_column_div av-zero-column-padding   avia-builder-el-17  el_after_av_three_fifth  avia-builder-el-last  \" style='border-radius:0px; '><\/div>\n<\/div><\/div><\/div><!-- close content main div --><\/div><\/div><\/div><div id='after_section_2' class='main_color av_default_container_wrap container_wrap sidebar_right' style=' '  ><div class='container' ><div class='template-page content  av-content-small alpha units'><div class='post-entry post-entry-type-page post-entry-2086'><div class='entry-content-wrapper clearfix'>\n","protected":false},"excerpt":{"rendered":"","protected":false},"author":1,"featured_media":0,"parent":0,"menu_order":0,"comment_status":"open","ping_status":"open","template":"","meta":[],"_links":{"self":[{"href":"https:\/\/tusac.ch\/fr\/wp-json\/wp\/v2\/pages\/2086"}],"collection":[{"href":"https:\/\/tusac.ch\/fr\/wp-json\/wp\/v2\/pages"}],"about":[{"href":"https:\/\/tusac.ch\/fr\/wp-json\/wp\/v2\/types\/page"}],"author":[{"embeddable":true,"href":"https:\/\/tusac.ch\/fr\/wp-json\/wp\/v2\/users\/1"}],"replies":[{"embeddable":true,"href":"https:\/\/tusac.ch\/fr\/wp-json\/wp\/v2\/comments?post=2086"}],"version-history":[{"count":31,"href":"https:\/\/tusac.ch\/fr\/wp-json\/wp\/v2\/pages\/2086\/revisions"}],"predecessor-version":[{"id":3087,"href":"https:\/\/tusac.ch\/fr\/wp-json\/wp\/v2\/pages\/2086\/revisions\/3087"}],"wp:attachment":[{"href":"https:\/\/tusac.ch\/fr\/wp-json\/wp\/v2\/media?parent=2086"}],"curies":[{"name":"wp","href":"https:\/\/api.w.org\/{rel}","templated":true}]}}